{"id":274,"date":"2023-09-08T22:06:47","date_gmt":"2023-09-08T22:06:47","guid":{"rendered":"http:\/\/reinserta.org\/?page_id=274"},"modified":"2025-10-24T19:48:52","modified_gmt":"2025-10-24T19:48:52","slug":"reinserta-quienes-somos","status":"publish","type":"page","link":"https:\/\/reinserta.org\/en\/reinserta-quienes-somos\/","title":{"rendered":"Quienes Somos"},"content":{"rendered":"<p>[et_pb_section fb_built=&#8221;1&#8243; admin_label=&#8221;Features&#8221; _builder_version=&#8221;4.22.1&#8243; _module_preset=&#8221;default&#8221; background_color=&#8221;RGBA(255,255,255,0)&#8221; use_background_color_gradient=&#8221;on&#8221; background_color_gradient_stops=&#8221;rgba(10,9,9,0.74) 0%|rgba(10,9,9,0.56) 99%&#8221; background_color_gradient_overlays_image=&#8221;on&#8221; background_image=&#8221;http:\/\/reinserta.org\/wp-content\/uploads\/2023\/09\/Copia-de-Foto-FINAL.jpg&#8221; background_enable_video_mp4=&#8221;off&#8221; background_enable_video_webm=&#8221;off&#8221; background_video_pause_outside_viewport=&#8221;off&#8221; overflow-x=&#8221;hidden&#8221; overflow-y=&#8221;hidden&#8221; custom_margin=&#8221;0px||0px||false|false&#8221; custom_padding=&#8221;0px||0px||false|false&#8221; da_disable_devices=&#8221;off|off|off&#8221; locked=&#8221;off&#8221; global_colors_info=&#8221;{}&#8221; da_is_popup=&#8221;off&#8221; da_exit_intent=&#8221;off&#8221; da_has_close=&#8221;on&#8221; da_alt_close=&#8221;off&#8221; da_dark_close=&#8221;off&#8221; da_not_modal=&#8221;on&#8221; da_is_singular=&#8221;off&#8221; da_with_loader=&#8221;off&#8221; da_has_shadow=&#8221;on&#8221;][et_pb_row custom_padding_last_edited=&#8221;on|phone&#8221; _builder_version=&#8221;4.22.1&#8243; _module_preset=&#8221;default&#8221; background_color=&#8221;RGBA(255,255,255,0)&#8221; background_enable_image=&#8221;off&#8221; width=&#8221;100%&#8221; max_width=&#8221;100%&#8221; custom_padding=&#8221;0vw||18vw||false|false&#8221; custom_padding_tablet=&#8221;16vw||14vw||false|false&#8221; custom_padding_phone=&#8221;20vw||14vw||false|false&#8221; global_colors_info=&#8221;{}&#8221;][et_pb_column type=&#8221;4_4&#8243; _builder_version=&#8221;4.22.1&#8243; _module_preset=&#8221;default&#8221; global_colors_info=&#8221;{}&#8221;][et_pb_text _builder_version=&#8221;4.22.1&#8243; _module_preset=&#8221;default&#8221; text_font=&#8221;|700|||||||&#8221; header_font=&#8221;Poppins|800|||||||&#8221; header_text_align=&#8221;left&#8221; header_text_color=&#8221;#FFFFFF&#8221; header_font_size=&#8221;4vw&#8221; header_line_height=&#8221;1.2em&#8221; width=&#8221;80%&#8221; width_tablet=&#8221;80%&#8221; width_phone=&#8221;81%&#8221; width_last_edited=&#8221;on|tablet&#8221; max_width=&#8221;100%&#8221; module_alignment=&#8221;center&#8221; custom_margin=&#8221;||1vw||false|false&#8221; custom_padding=&#8221;38px|||||&#8221; header_font_size_tablet=&#8221;5vw&#8221; header_font_size_phone=&#8221;6vw&#8221; header_font_size_last_edited=&#8221;on|phone&#8221; global_colors_info=&#8221;{}&#8221;]<\/p>\n<h1><b>Reinserta: Qui\u00e9nes Somos<\/b><\/h1>\n<p>[\/et_pb_text][et_pb_text _builder_version=&#8221;4.22.1&#8243; _module_preset=&#8221;default&#8221; text_text_color=&#8221;#FFFFFF&#8221; text_font_size=&#8221;18px&#8221; text_line_height=&#8221;1.6em&#8221; width=&#8221;80%&#8221; max_width=&#8221;80%&#8221; module_alignment=&#8221;center&#8221; global_colors_info=&#8221;{}&#8221;]<\/p>\n<p><span style=\"font-weight: 400; color: #fdbf2d;\"><strong>Transformamos vidas marcadas por la violencia<\/strong><\/span><\/p>\n<p><span style=\"color: #fdbf2d;\"><strong> <\/strong><\/span><\/p>\n<p><strong><\/strong><span style=\"font-weight: 400;\">Reinserta es una organizaci\u00f3n sin fines de lucro, fundada en 2013 por Saskia Ni\u00f1o de Rivera y Mercedes Casta\u00f1eda. Brinda<strong>\u00a0acompa\u00f1amiento y protecci\u00f3n para ni\u00f1as, ni\u00f1os y adolescentes en contacto con la violencia<\/strong> en M\u00e9xico a trav\u00e9s de 3 modelos integrales enfocados en atenci\u00f3n psicosocial y psicolegal.<\/span><\/p>\n<p><span style=\"font-weight: 400;\"> <br \/><\/span><span style=\"font-weight: 400;\">Adem\u00e1s <strong>generamos investigaci\u00f3n y pol\u00edticas p\u00fablicas<\/strong> para generar cambios estructurales y poder crear un futuro m\u00e1s seguro y en paz para las infancias y adolescencias de M\u00e9xico.<\/span><\/p>\n<p>[\/et_pb_text][\/et_pb_column][\/et_pb_row][\/et_pb_section][et_pb_section fb_built=&#8221;1&#8243; custom_padding_last_edited=&#8221;on|phone&#8221; _builder_version=&#8221;4.22.1&#8243; _module_preset=&#8221;default&#8221; background_color=&#8221;RGBA(255,255,255,0)&#8221; custom_margin_tablet=&#8221;&#8221; custom_margin_phone=&#8221;||0px||false|false&#8221; custom_margin_last_edited=&#8221;on|phone&#8221; custom_padding=&#8221;0px||||false|false&#8221; custom_padding_tablet=&#8221;||0px||false|false&#8221; custom_padding_phone=&#8221;||0px||false|false&#8221; da_disable_devices=&#8221;off|off|off&#8221; global_colors_info=&#8221;{}&#8221; da_is_popup=&#8221;off&#8221; da_exit_intent=&#8221;off&#8221; da_has_close=&#8221;on&#8221; da_alt_close=&#8221;off&#8221; da_dark_close=&#8221;off&#8221; da_not_modal=&#8221;on&#8221; da_is_singular=&#8221;off&#8221; da_with_loader=&#8221;off&#8221; da_has_shadow=&#8221;on&#8221;][et_pb_row _builder_version=&#8221;4.22.1&#8243; _module_preset=&#8221;default&#8221; width=&#8221;90%&#8221; custom_margin=&#8221;-10vw||0px||false|false&#8221; custom_padding=&#8221;||||false|false&#8221; global_colors_info=&#8221;{}&#8221;][et_pb_column type=&#8221;4_4&#8243; _builder_version=&#8221;4.22.1&#8243; _module_preset=&#8221;default&#8221; global_colors_info=&#8221;{}&#8221;][et_pb_video src=&#8221;https:\/\/youtu.be\/jyRcXHpS7xQ&#8221; _builder_version=&#8221;4.25.2&#8243; _module_preset=&#8221;default&#8221; global_colors_info=&#8221;{}&#8221;][\/et_pb_video][\/et_pb_column][\/et_pb_row][\/et_pb_section][et_pb_section fb_built=&#8221;1&#8243; custom_padding_last_edited=&#8221;on|tablet&#8221; admin_label=&#8221;Section&#8221; _builder_version=&#8221;4.22.1&#8243; _module_preset=&#8221;default&#8221; use_background_color_gradient=&#8221;on&#8221; background_color_gradient_stops=&#8221;rgba(10,9,9,0.53) 0%|rgba(10,9,9,0.56) 100%&#8221; background_color_gradient_overlays_image=&#8221;on&#8221; background_image=&#8221;http:\/\/reinserta.org\/wp-content\/uploads\/2023\/09\/Donar-Quienes.jpg&#8221; parallax=&#8221;on&#8221; custom_padding=&#8221;12vw||9vw||false|false&#8221; custom_padding_tablet=&#8221;10vw||9vw||false|false&#8221; custom_padding_phone=&#8221;10vw||9vw||false|false&#8221; da_disable_devices=&#8221;off|off|off&#8221; global_colors_info=&#8221;{}&#8221; da_is_popup=&#8221;off&#8221; da_exit_intent=&#8221;off&#8221; da_has_close=&#8221;on&#8221; da_alt_close=&#8221;off&#8221; da_dark_close=&#8221;off&#8221; da_not_modal=&#8221;on&#8221; da_is_singular=&#8221;off&#8221; da_with_loader=&#8221;off&#8221; da_has_shadow=&#8221;on&#8221;][et_pb_row column_structure=&#8221;1_2,1_2&#8243; _builder_version=&#8221;4.22.1&#8243; _module_preset=&#8221;default&#8221; width=&#8221;90%&#8221; global_colors_info=&#8221;{}&#8221;][et_pb_column type=&#8221;1_2&#8243; _builder_version=&#8221;4.22.1&#8243; _module_preset=&#8221;default&#8221; global_colors_info=&#8221;{}&#8221;][\/et_pb_column][et_pb_column type=&#8221;1_2&#8243; _builder_version=&#8221;4.22.1&#8243; _module_preset=&#8221;default&#8221; global_colors_info=&#8221;{}&#8221;][et_pb_text _builder_version=&#8221;4.25.2&#8243; _module_preset=&#8221;default&#8221; text_font=&#8221;|700|||||||&#8221; header_font=&#8221;Poppins|800|||||||&#8221; header_text_align=&#8221;left&#8221; header_text_color=&#8221;#FDBF2D&#8221; header_font_size=&#8221;3vw&#8221; header_line_height=&#8221;1.2em&#8221; width=&#8221;99%&#8221; module_alignment=&#8221;left&#8221; custom_margin=&#8221;||1vw|1vw|false|false&#8221; header_font_size_tablet=&#8221;6vw&#8221; header_font_size_phone=&#8221;6vw&#8221; header_font_size_last_edited=&#8221;on|tablet&#8221; global_colors_info=&#8221;{}&#8221;]<\/p>\n<p><span style=\"font-size: xx-large;\"><strong><span style=\"color: #fdbf2d;\">Tu puedes transformar <\/span><\/strong><\/span><\/p>\n<p><strong style=\"color: #fdbf2d; font-size: xx-large;\">vidas marcadas <\/strong><strong style=\"color: #fdbf2d; font-size: xx-large;\">por<\/strong><\/p>\n<p><span style=\"font-size: xx-large; color: #fdbf2d;\"><strong> la violencia<\/strong><\/span><\/p>\n<p>[\/et_pb_text][et_pb_text _builder_version=&#8221;4.25.2&#8243; _module_preset=&#8221;default&#8221; text_text_color=&#8221;#FFFFFF&#8221; text_font_size=&#8221;16px&#8221; global_colors_info=&#8221;{}&#8221;]<\/p>\n<h3><span style=\"color: #ffffff;\">Dona y ayuda a Reinserta a sanar la historia de m\u00e1s ni\u00f1as, ni\u00f1os y adolescentes marcadas por la violencia en M\u00e9xico.\u00a0<\/span><span style=\"font-weight: 400;\"><\/span><\/h3>\n<p>[\/et_pb_text][et_pb_text _builder_version=&#8221;4.22.1&#8243; _module_preset=&#8221;default&#8221; text_text_color=&#8221;#FFFFFF&#8221; text_font_size=&#8221;16px&#8221; global_colors_info=&#8221;{}&#8221;][\/et_pb_text][et_pb_button button_url=&#8221;https:\/\/reinserta-mx.myshopify.com\/&#8221; url_new_window=&#8221;on&#8221; button_text=&#8221;\u00a1Dona!&#8221; button_alignment=&#8221;left&#8221; _builder_version=&#8221;4.22.1&#8243; _module_preset=&#8221;default&#8221; custom_button=&#8221;on&#8221; button_text_size=&#8221;16px&#8221; button_text_color=&#8221;#0A0909&#8243; button_bg_color=&#8221;#FFFFFF&#8221; button_border_color=&#8221;#FFFFFF&#8221; button_border_radius=&#8221;9px&#8221; button_letter_spacing=&#8221;0px&#8221; button_font=&#8221;Poppins|600||on|||||&#8221; background_layout=&#8221;dark&#8221; custom_margin=&#8221;||||false|false&#8221; custom_padding=&#8221;10px|20px|10px|20px|false|false&#8221; button_text_size_tablet=&#8221;14px&#8221; button_text_size_phone=&#8221;14px&#8221; button_text_size_last_edited=&#8221;on|tablet&#8221; global_colors_info=&#8221;{}&#8221; button_text_color__hover_enabled=&#8221;on|hover&#8221; button_text_color__hover=&#8221;#FDBF2D&#8221;][\/et_pb_button][\/et_pb_column][\/et_pb_row][\/et_pb_section][et_pb_section fb_built=&#8221;1&#8243; custom_padding_last_edited=&#8221;on|phone&#8221; _builder_version=&#8221;4.22.1&#8243; _module_preset=&#8221;default&#8221; background_color=&#8221;RGBA(255,255,255,0)&#8221; custom_padding_tablet=&#8221;&#8221; custom_padding_phone=&#8221;20px||||false|false&#8221; da_disable_devices=&#8221;off|off|off&#8221; global_colors_info=&#8221;{}&#8221; da_is_popup=&#8221;off&#8221; da_exit_intent=&#8221;off&#8221; da_has_close=&#8221;on&#8221; da_alt_close=&#8221;off&#8221; da_dark_close=&#8221;off&#8221; da_not_modal=&#8221;on&#8221; da_is_singular=&#8221;off&#8221; da_with_loader=&#8221;off&#8221; da_has_shadow=&#8221;on&#8221;][et_pb_row _builder_version=&#8221;4.22.1&#8243; _module_preset=&#8221;default&#8221; width=&#8221;90%&#8221; max_width=&#8221;90%&#8221; module_alignment=&#8221;center&#8221; custom_margin=&#8221;1vw||2vw||false|false&#8221; global_colors_info=&#8221;{}&#8221;][et_pb_column type=&#8221;4_4&#8243; _builder_version=&#8221;4.22.1&#8243; _module_preset=&#8221;default&#8221; global_colors_info=&#8221;{}&#8221;][et_pb_text _builder_version=&#8221;4.25.2&#8243; _module_preset=&#8221;default&#8221; header_font=&#8221;Poppins|800|||||||&#8221; header_text_color=&#8221;#0A0909&#8243; header_font_size=&#8221;4vw&#8221; header_2_font=&#8221;Poppins|800|||||||&#8221; header_2_font_size=&#8221;60px&#8221; header_2_line_height=&#8221;1.4em&#8221; background_enable_color=&#8221;off&#8221; background_layout=&#8221;dark&#8221; custom_margin=&#8221;||23px|||&#8221; header_font_size_tablet=&#8221;7vw&#8221; header_font_size_phone=&#8221;7vw&#8221; header_font_size_last_edited=&#8221;on|tablet&#8221; header_2_font_size_tablet=&#8221;40px&#8221; header_2_font_size_phone=&#8221;25px&#8221; header_2_font_size_last_edited=&#8221;on|phone&#8221; locked=&#8221;off&#8221; global_colors_info=&#8221;{}&#8221;]<\/p>\n<h2><span style=\"font-size: xx-large; color: #0a0a0a;\"><b>Equipo <span style=\"color: #fdbf2d;\">Reinserta<\/span><\/b><\/span><\/h2>\n<p>[\/et_pb_text][et_pb_text _builder_version=&#8221;4.25.2&#8243; _module_preset=&#8221;default&#8221; text_font_size=&#8221;20px&#8221; text_line_height=&#8221;1.6em&#8221; hover_enabled=&#8221;0&#8243; global_colors_info=&#8221;{}&#8221; sticky_enabled=&#8221;0&#8243;]<\/p>\n<h3><span style=\"font-weight: 400;\">Somos<span style=\"color: #ffcc00;\"><strong> un equipo<\/strong><\/span> que trabaja d\u00eda con d\u00eda para transformar vidas marcadas por la violencia.<\/span><\/h3>\n<p>[\/et_pb_text][\/et_pb_column][\/et_pb_row][\/et_pb_section][et_pb_section fb_built=&#8221;1&#8243; _builder_version=&#8221;4.22.1&#8243; _module_preset=&#8221;default&#8221; background_color=&#8221;#F3F0EB&#8221; custom_margin_tablet=&#8221;&#8221; custom_margin_phone=&#8221;||||false|false&#8221; custom_margin_last_edited=&#8221;on|phone&#8221; custom_padding=&#8221;0px||||false|false&#8221; da_disable_devices=&#8221;off|off|off&#8221; global_colors_info=&#8221;{}&#8221; da_is_popup=&#8221;off&#8221; da_exit_intent=&#8221;off&#8221; da_has_close=&#8221;on&#8221; da_alt_close=&#8221;off&#8221; da_dark_close=&#8221;off&#8221; da_not_modal=&#8221;on&#8221; da_is_singular=&#8221;off&#8221; da_with_loader=&#8221;off&#8221; da_has_shadow=&#8221;on&#8221;][et_pb_row custom_padding_last_edited=&#8221;on|phone&#8221; _builder_version=&#8221;4.22.1&#8243; _module_preset=&#8221;default&#8221; width=&#8221;95%&#8221; max_width=&#8221;90%&#8221; min_height=&#8221;1216.3px&#8221; custom_margin_tablet=&#8221;&#8221; custom_margin_phone=&#8221;&#8221; custom_margin_last_edited=&#8221;on|phone&#8221; custom_padding=&#8221;49px|||||&#8221; custom_padding_tablet=&#8221;&#8221; custom_padding_phone=&#8221;||0px||false|false&#8221; global_colors_info=&#8221;{}&#8221;][et_pb_column type=&#8221;4_4&#8243; _builder_version=&#8221;4.22.1&#8243; _module_preset=&#8221;default&#8221; global_colors_info=&#8221;{}&#8221;][et_pb_gallery gallery_ids=&#8221;317,316,313,310,314,315,312,311,1209&#8243; posts_number=&#8221;12&#8243; orientation=&#8221;portrait&#8221; zoom_icon_color=&#8221;RGBA(255,255,255,0)&#8221; hover_overlay_color=&#8221;rgba(32,193,116,0.44)&#8221; _builder_version=&#8221;4.25.2&#8243; _module_preset=&#8221;default&#8221; title_level=&#8221;h2&#8243; title_font=&#8221;|700|||||||&#8221; title_text_color=&#8221;#0A0909&#8243; title_font_size=&#8221;20px&#8221; custom_margin=&#8221;||||false|false&#8221; custom_padding=&#8221;||||false|false&#8221; child_filter_opacity=&#8221;94%&#8221; hover_enabled=&#8221;0&#8243; global_colors_info=&#8221;{}&#8221; sticky_enabled=&#8221;0&#8243;][\/et_pb_gallery][et_pb_text _builder_version=&#8221;4.22.1&#8243; _module_preset=&#8221;default&#8221; header_font=&#8221;Poppins|800|||||||&#8221; header_text_color=&#8221;#0A0909&#8243; header_font_size=&#8221;4vw&#8221; header_2_font=&#8221;Poppins|800|||||||&#8221; header_2_font_size=&#8221;60px&#8221; header_2_line_height=&#8221;1.4em&#8221; background_enable_color=&#8221;off&#8221; background_layout=&#8221;dark&#8221; custom_margin=&#8221;||23px|||&#8221; header_font_size_tablet=&#8221;7vw&#8221; header_font_size_phone=&#8221;7vw&#8221; header_font_size_last_edited=&#8221;on|tablet&#8221; header_2_font_size_tablet=&#8221;40px&#8221; header_2_font_size_phone=&#8221;25px&#8221; header_2_font_size_last_edited=&#8221;on|phone&#8221; locked=&#8221;off&#8221; global_colors_info=&#8221;{}&#8221;]<\/p>\n<h2><span style=\"color: #0a0909;\"><b>Reinserta: Consejo y Patronato<\/b><\/span><\/h2>\n<p>[\/et_pb_text][\/et_pb_column][\/et_pb_row][et_pb_row _builder_version=&#8221;4.22.1&#8243; _module_preset=&#8221;default&#8221; width=&#8221;90%&#8221; max_width=&#8221;90%&#8221; global_colors_info=&#8221;{}&#8221;][et_pb_column type=&#8221;4_4&#8243; _builder_version=&#8221;4.22.1&#8243; _module_preset=&#8221;default&#8221; global_colors_info=&#8221;{}&#8221;][et_pb_gallery gallery_ids=&#8221;404,992,408,982,401,405,407,403,416,415,411,402,981&#8243; posts_number=&#8221;14&#8243; orientation=&#8221;portrait&#8221; zoom_icon_color=&#8221;RGBA(255,255,255,0)&#8221; hover_overlay_color=&#8221;rgba(32,193,116,0.44)&#8221; _builder_version=&#8221;4.25.2&#8243; _module_preset=&#8221;default&#8221; title_font=&#8221;|700|||||||&#8221; title_text_color=&#8221;#0A0909&#8243; title_font_size=&#8221;20px&#8221; custom_margin=&#8221;||||false|false&#8221; custom_padding=&#8221;||||false|false&#8221; global_colors_info=&#8221;{}&#8221;][\/et_pb_gallery][\/et_pb_column][\/et_pb_row][\/et_pb_section]<\/p>\n","protected":false},"excerpt":{"rendered":"<p>Reinserta: Qui\u00e9nes SomosTransformamos vidas marcadas por la violencia Reinserta es una organizaci\u00f3n sin fines de lucro, fundada en 2013 por Saskia Ni\u00f1o de Rivera y Mercedes Casta\u00f1eda. Brinda\u00a0acompa\u00f1amiento y protecci\u00f3n para ni\u00f1as, ni\u00f1os y adolescentes en contacto con la violencia en M\u00e9xico a trav\u00e9s de 3 modelos integrales enfocados en atenci\u00f3n psicosocial y psicolegal. Adem\u00e1s [&hellip;]<\/p>\n","protected":false},"author":2,"featured_media":0,"parent":0,"menu_order":0,"comment_status":"closed","ping_status":"closed","template":"","meta":{"_et_pb_use_builder":"on","_et_pb_old_content":"","_et_gb_content_width":"","_joinchat":[],"footnotes":""},"folder":[],"class_list":["post-274","page","type-page","status-publish","hentry"],"yoast_head":"<!-- This site is optimized with the Yoast SEO plugin v23.4 - https:\/\/yoast.com\/wordpress\/plugins\/seo\/ -->\n<title>Quienes Somos - Reinserta<\/title>\n<meta name=\"description\" content=\"Reinserta es una organizaci\u00f3n sin fines de lucro fundada por Saskia Ni\u00f1o de Rivera y Mercedes Casta\u00f1eda en 2013.\" \/>\n<meta name=\"robots\" content=\"index, follow, max-snippet:-1, max-image-preview:large, max-video-preview:-1\" \/>\n<link rel=\"canonical\" href=\"https:\/\/reinserta.org\/en\/reinserta-quienes-somos\/\" \/>\n<meta property=\"og:locale\" content=\"en_US\" \/>\n<meta property=\"og:type\" content=\"article\" \/>\n<meta property=\"og:title\" content=\"Quienes Somos - Reinserta\" \/>\n<meta property=\"og:description\" content=\"Reinserta es una organizaci\u00f3n sin fines de lucro fundada por Saskia Ni\u00f1o de Rivera y Mercedes Casta\u00f1eda en 2013.\" \/>\n<meta property=\"og:url\" content=\"https:\/\/reinserta.org\/en\/reinserta-quienes-somos\/\" \/>\n<meta property=\"og:site_name\" content=\"Reinserta\" \/>\n<meta property=\"article:publisher\" content=\"https:\/\/www.facebook.com\/REINSERTA\/\" \/>\n<meta property=\"article:modified_time\" content=\"2025-10-24T19:48:52+00:00\" \/>\n<meta property=\"og:image\" content=\"https:\/\/reinserta.org\/wp-content\/uploads\/2024\/10\/cropped-reinserta-logo-negro-3.png\" \/>\n\t<meta property=\"og:image:width\" content=\"512\" \/>\n\t<meta property=\"og:image:height\" content=\"512\" \/>\n\t<meta property=\"og:image:type\" content=\"image\/png\" \/>\n<meta name=\"twitter:card\" content=\"summary_large_image\" \/>\n<meta name=\"twitter:site\" content=\"@reinserta\" \/>\n<meta name=\"twitter:label1\" content=\"Est. reading time\" \/>\n\t<meta name=\"twitter:data1\" content=\"6 minutes\" \/>\n<script type=\"application\/ld+json\" class=\"yoast-schema-graph\">{\"@context\":\"https:\/\/schema.org\",\"@graph\":[{\"@type\":\"WebPage\",\"@id\":\"https:\/\/reinserta.org\/reinserta-quienes-somos\/\",\"url\":\"https:\/\/reinserta.org\/reinserta-quienes-somos\/\",\"name\":\"Quienes Somos - Reinserta\",\"isPartOf\":{\"@id\":\"https:\/\/reinserta.org\/#website\"},\"datePublished\":\"2023-09-08T22:06:47+00:00\",\"dateModified\":\"2025-10-24T19:48:52+00:00\",\"description\":\"Reinserta es una organizaci\u00f3n sin fines de lucro fundada por Saskia Ni\u00f1o de Rivera y Mercedes Casta\u00f1eda en 2013.\",\"breadcrumb\":{\"@id\":\"https:\/\/reinserta.org\/reinserta-quienes-somos\/#breadcrumb\"},\"inLanguage\":\"en-US\",\"potentialAction\":[{\"@type\":\"ReadAction\",\"target\":[\"https:\/\/reinserta.org\/reinserta-quienes-somos\/\"]}]},{\"@type\":\"BreadcrumbList\",\"@id\":\"https:\/\/reinserta.org\/reinserta-quienes-somos\/#breadcrumb\",\"itemListElement\":[{\"@type\":\"ListItem\",\"position\":1,\"name\":\"Inicio\",\"item\":\"https:\/\/reinserta.org\/\"},{\"@type\":\"ListItem\",\"position\":2,\"name\":\"Quienes Somos\"}]},{\"@type\":\"WebSite\",\"@id\":\"https:\/\/reinserta.org\/#website\",\"url\":\"https:\/\/reinserta.org\/\",\"name\":\"Reinserta\",\"description\":\"Transformamos vidas marcadas por la violencia\",\"publisher\":{\"@id\":\"https:\/\/reinserta.org\/#organization\"},\"potentialAction\":[{\"@type\":\"SearchAction\",\"target\":{\"@type\":\"EntryPoint\",\"urlTemplate\":\"https:\/\/reinserta.org\/?s={search_term_string}\"},\"query-input\":{\"@type\":\"PropertyValueSpecification\",\"valueRequired\":true,\"valueName\":\"search_term_string\"}}],\"inLanguage\":\"en-US\"},{\"@type\":\"Organization\",\"@id\":\"https:\/\/reinserta.org\/#organization\",\"name\":\"Reinserta\",\"url\":\"https:\/\/reinserta.org\/\",\"logo\":{\"@type\":\"ImageObject\",\"inLanguage\":\"en-US\",\"@id\":\"https:\/\/reinserta.org\/#\/schema\/logo\/image\/\",\"url\":\"https:\/\/reinserta.org\/wp-content\/uploads\/2024\/05\/reinserta-logo-negro.png\",\"contentUrl\":\"https:\/\/reinserta.org\/wp-content\/uploads\/2024\/05\/reinserta-logo-negro.png\",\"width\":500,\"height\":500,\"caption\":\"Reinserta\"},\"image\":{\"@id\":\"https:\/\/reinserta.org\/#\/schema\/logo\/image\/\"},\"sameAs\":[\"https:\/\/www.facebook.com\/REINSERTA\/\",\"https:\/\/x.com\/reinserta\",\"https:\/\/www.instagram.com\/reinserta\/\",\"https:\/\/mx.linkedin.com\/company\/reinserta\"]}]}<\/script>\n<!-- \/ Yoast SEO plugin. -->","yoast_head_json":{"title":"Quienes Somos - Reinserta","description":"Reinserta es una organizaci\u00f3n sin fines de lucro fundada por Saskia Ni\u00f1o de Rivera y Mercedes Casta\u00f1eda en 2013.","robots":{"index":"index","follow":"follow","max-snippet":"max-snippet:-1","max-image-preview":"max-image-preview:large","max-video-preview":"max-video-preview:-1"},"canonical":"https:\/\/reinserta.org\/en\/reinserta-quienes-somos\/","og_locale":"en_US","og_type":"article","og_title":"Quienes Somos - Reinserta","og_description":"Reinserta es una organizaci\u00f3n sin fines de lucro fundada por Saskia Ni\u00f1o de Rivera y Mercedes Casta\u00f1eda en 2013.","og_url":"https:\/\/reinserta.org\/en\/reinserta-quienes-somos\/","og_site_name":"Reinserta","article_publisher":"https:\/\/www.facebook.com\/REINSERTA\/","article_modified_time":"2025-10-24T19:48:52+00:00","og_image":[{"width":512,"height":512,"url":"https:\/\/reinserta.org\/wp-content\/uploads\/2024\/10\/cropped-reinserta-logo-negro-3.png","type":"image\/png"}],"twitter_card":"summary_large_image","twitter_site":"@reinserta","twitter_misc":{"Est. reading time":"6 minutes"},"schema":{"@context":"https:\/\/schema.org","@graph":[{"@type":"WebPage","@id":"https:\/\/reinserta.org\/reinserta-quienes-somos\/","url":"https:\/\/reinserta.org\/reinserta-quienes-somos\/","name":"Quienes Somos - Reinserta","isPartOf":{"@id":"https:\/\/reinserta.org\/#website"},"datePublished":"2023-09-08T22:06:47+00:00","dateModified":"2025-10-24T19:48:52+00:00","description":"Reinserta es una organizaci\u00f3n sin fines de lucro fundada por Saskia Ni\u00f1o de Rivera y Mercedes Casta\u00f1eda en 2013.","breadcrumb":{"@id":"https:\/\/reinserta.org\/reinserta-quienes-somos\/#breadcrumb"},"inLanguage":"en-US","potentialAction":[{"@type":"ReadAction","target":["https:\/\/reinserta.org\/reinserta-quienes-somos\/"]}]},{"@type":"BreadcrumbList","@id":"https:\/\/reinserta.org\/reinserta-quienes-somos\/#breadcrumb","itemListElement":[{"@type":"ListItem","position":1,"name":"Inicio","item":"https:\/\/reinserta.org\/"},{"@type":"ListItem","position":2,"name":"Quienes Somos"}]},{"@type":"WebSite","@id":"https:\/\/reinserta.org\/#website","url":"https:\/\/reinserta.org\/","name":"Reinserta","description":"Transformamos vidas marcadas por la violencia","publisher":{"@id":"https:\/\/reinserta.org\/#organization"},"potentialAction":[{"@type":"SearchAction","target":{"@type":"EntryPoint","urlTemplate":"https:\/\/reinserta.org\/?s={search_term_string}"},"query-input":{"@type":"PropertyValueSpecification","valueRequired":true,"valueName":"search_term_string"}}],"inLanguage":"en-US"},{"@type":"Organization","@id":"https:\/\/reinserta.org\/#organization","name":"Reinserta","url":"https:\/\/reinserta.org\/","logo":{"@type":"ImageObject","inLanguage":"en-US","@id":"https:\/\/reinserta.org\/#\/schema\/logo\/image\/","url":"https:\/\/reinserta.org\/wp-content\/uploads\/2024\/05\/reinserta-logo-negro.png","contentUrl":"https:\/\/reinserta.org\/wp-content\/uploads\/2024\/05\/reinserta-logo-negro.png","width":500,"height":500,"caption":"Reinserta"},"image":{"@id":"https:\/\/reinserta.org\/#\/schema\/logo\/image\/"},"sameAs":["https:\/\/www.facebook.com\/REINSERTA\/","https:\/\/x.com\/reinserta","https:\/\/www.instagram.com\/reinserta\/","https:\/\/mx.linkedin.com\/company\/reinserta"]}]}},"_links":{"self":[{"href":"https:\/\/reinserta.org\/en\/wp-json\/wp\/v2\/pages\/274"}],"collection":[{"href":"https:\/\/reinserta.org\/en\/wp-json\/wp\/v2\/pages"}],"about":[{"href":"https:\/\/reinserta.org\/en\/wp-json\/wp\/v2\/types\/page"}],"author":[{"embeddable":true,"href":"https:\/\/reinserta.org\/en\/wp-json\/wp\/v2\/users\/2"}],"replies":[{"embeddable":true,"href":"https:\/\/reinserta.org\/en\/wp-json\/wp\/v2\/comments?post=274"}],"version-history":[{"count":34,"href":"https:\/\/reinserta.org\/en\/wp-json\/wp\/v2\/pages\/274\/revisions"}],"predecessor-version":[{"id":1210,"href":"https:\/\/reinserta.org\/en\/wp-json\/wp\/v2\/pages\/274\/revisions\/1210"}],"wp:attachment":[{"href":"https:\/\/reinserta.org\/en\/wp-json\/wp\/v2\/media?parent=274"}],"wp:term":[{"taxonomy":"folder","embeddable":true,"href":"https:\/\/reinserta.org\/en\/wp-json\/wp\/v2\/folder?post=274"}],"curies":[{"name":"wp","href":"https:\/\/api.w.org\/{rel}","templated":true}]}}