{"id":485,"date":"2023-09-20T15:47:34","date_gmt":"2023-09-20T15:47:34","guid":{"rendered":"http:\/\/reinserta.org\/?page_id=485"},"modified":"2025-05-27T18:54:58","modified_gmt":"2025-05-27T18:54:58","slug":"unete-al-equipo","status":"publish","type":"page","link":"https:\/\/reinserta.org\/en\/unete-al-equipo\/","title":{"rendered":"Join the Team"},"content":{"rendered":"<p>[et_pb_section fb_built=&#8221;1&#8243; admin_label=&#8221;Features&#8221; _builder_version=&#8221;4.22.1&#8243; _module_preset=&#8221;default&#8221; background_color=&#8221;RGBA(255,255,255,0)&#8221; use_background_color_gradient=&#8221;on&#8221; background_color_gradient_stops=&#8221;rgba(10,9,9,0.74) 0%|rgba(10,9,9,0.56) 99%&#8221; background_color_gradient_overlays_image=&#8221;on&#8221; background_image=&#8221;http:\/\/reinserta.org\/wp-content\/uploads\/2023\/09\/342624004_137601989296013_1563608413909996382_n.jpg&#8221; background_enable_video_mp4=&#8221;off&#8221; background_enable_video_webm=&#8221;off&#8221; background_video_pause_outside_viewport=&#8221;off&#8221; overflow-x=&#8221;hidden&#8221; overflow-y=&#8221;hidden&#8221; custom_margin=&#8221;0px||0px||false|false&#8221; custom_padding=&#8221;0px||0px||false|false&#8221; da_disable_devices=&#8221;off|off|off&#8221; locked=&#8221;off&#8221; global_colors_info=&#8221;{}&#8221; da_is_popup=&#8221;off&#8221; da_exit_intent=&#8221;off&#8221; da_has_close=&#8221;on&#8221; da_alt_close=&#8221;off&#8221; da_dark_close=&#8221;off&#8221; da_not_modal=&#8221;on&#8221; da_is_singular=&#8221;off&#8221; da_with_loader=&#8221;off&#8221; da_has_shadow=&#8221;on&#8221;][et_pb_row custom_padding_last_edited=&#8221;on|phone&#8221; _builder_version=&#8221;4.22.1&#8243; _module_preset=&#8221;default&#8221; background_color=&#8221;RGBA(255,255,255,0)&#8221; background_enable_image=&#8221;off&#8221; width=&#8221;100%&#8221; max_width=&#8221;100%&#8221; custom_padding=&#8221;18vw||7vw||false|false&#8221; custom_padding_tablet=&#8221;16vw||14vw||false|false&#8221; custom_padding_phone=&#8221;20vw||14vw||false|false&#8221; global_colors_info=&#8221;{}&#8221;][et_pb_column type=&#8221;4_4&#8243; _builder_version=&#8221;4.22.1&#8243; _module_preset=&#8221;default&#8221; global_colors_info=&#8221;{}&#8221;][et_pb_text _builder_version=&#8221;4.22.1&#8243; _module_preset=&#8221;default&#8221; text_font=&#8221;|700|||||||&#8221; header_font=&#8221;Poppins|800|||||||&#8221; header_text_align=&#8221;left&#8221; header_text_color=&#8221;#FFFFFF&#8221; header_font_size=&#8221;5vw&#8221; header_line_height=&#8221;1.2em&#8221; width=&#8221;80%&#8221; width_tablet=&#8221;80%&#8221; width_phone=&#8221;81%&#8221; width_last_edited=&#8221;on|tablet&#8221; max_width=&#8221;100%&#8221; module_alignment=&#8221;center&#8221; custom_margin=&#8221;||1vw||false|false&#8221; header_font_size_tablet=&#8221;5vw&#8221; header_font_size_phone=&#8221;8vw&#8221; header_font_size_last_edited=&#8221;on|phone&#8221; global_colors_info=&#8221;{}&#8221;]<\/p>\n<h1><span data-metadata=\"&lt;!--(figmeta)eyJmaWxlS2V5IjoieVFHMHc3eXdUYVFwTWlkcnNUaHk4NyIsInBhc3RlSUQiOjg5MDMyMTU0NSwiZGF0YVR5cGUiOiJzY2VuZSJ9Cg==(\/figmeta)--&gt;\"><\/span>\u00danete al equipo Reinserta<\/p>\n<\/h1>\n<p>[\/et_pb_text][\/et_pb_column][\/et_pb_row][\/et_pb_section][et_pb_section fb_built=&#8221;1&#8243; _builder_version=&#8221;4.22.1&#8243; _module_preset=&#8221;default&#8221; background_color=&#8221;RGBA(255,255,255,0)&#8221; da_disable_devices=&#8221;off|off|off&#8221; global_colors_info=&#8221;{}&#8221; da_is_popup=&#8221;off&#8221; da_exit_intent=&#8221;off&#8221; da_has_close=&#8221;on&#8221; da_alt_close=&#8221;off&#8221; da_dark_close=&#8221;off&#8221; da_not_modal=&#8221;on&#8221; da_is_singular=&#8221;off&#8221; da_with_loader=&#8221;off&#8221; da_has_shadow=&#8221;on&#8221;][et_pb_row _builder_version=&#8221;4.22.1&#8243; _module_preset=&#8221;default&#8221; custom_padding=&#8221;||55px|||&#8221; global_colors_info=&#8221;{}&#8221;][et_pb_column type=&#8221;4_4&#8243; _builder_version=&#8221;4.22.1&#8243; _module_preset=&#8221;default&#8221; global_colors_info=&#8221;{}&#8221;][et_pb_text _builder_version=&#8221;4.25.2&#8243; _module_preset=&#8221;default&#8221; text_font=&#8221;|700|||||||&#8221; header_font=&#8221;Poppins|600|||||||&#8221; header_text_align=&#8221;left&#8221; header_text_color=&#8221;#0A0909&#8243; header_font_size=&#8221;3vw&#8221; header_line_height=&#8221;1.2em&#8221; width=&#8221;90%&#8221; width_tablet=&#8221;80%&#8221; width_phone=&#8221;81%&#8221; width_last_edited=&#8221;on|tablet&#8221; max_width=&#8221;100%&#8221; module_alignment=&#8221;left&#8221; custom_margin=&#8221;||3vw||false|false&#8221; header_font_size_tablet=&#8221;5vw&#8221; header_font_size_phone=&#8221;8vw&#8221; header_font_size_last_edited=&#8221;on|phone&#8221; global_colors_info=&#8221;{}&#8221;]<\/p>\n<h1><span data-metadata=\"&lt;!--(figmeta)eyJmaWxlS2V5IjoieVFHMHc3eXdUYVFwTWlkcnNUaHk4NyIsInBhc3RlSUQiOjg5MDMyMTU0NSwiZGF0YVR5cGUiOiJzY2VuZSJ9Cg==(\/figmeta)--&gt;\"><\/span>Reinserta trabaja en CDMX y Monterrey\u00a0<\/h1>\n<p>[\/et_pb_text][et_pb_heading title=&#8221;\u00bfQuieres trabajar en Reinserta?&#8221; _builder_version=&#8221;4.25.2&#8243; _module_preset=&#8221;default&#8221; global_colors_info=&#8221;{}&#8221;][\/et_pb_heading][et_pb_heading title=&#8221;\u00a1Gracias por tu inter\u00e9s en sumarte a nuestra misi\u00f3n! En Reinserta buscamos personas comprometidas, creativas y apasionadas por construir un M\u00e9xico m\u00e1s seguro para ni\u00f1as, ni\u00f1os y adolescentes marcados por la violencia.  D\u00e9janos tus datos y te haremos saber cuando haya vacantes activas que se alineen con tu perfil.&#8221; _builder_version=&#8221;4.25.2&#8243; _module_preset=&#8221;default&#8221; title_level=&#8221;h3&#8243; title_font_size=&#8221;19px&#8221; width=&#8221;100%&#8221; min_height=&#8221;96px&#8221; custom_padding=&#8221;||31px|||&#8221; global_colors_info=&#8221;{}&#8221;][\/et_pb_heading][et_pb_button button_url=&#8221;https:\/\/forms.gle\/M1NFQSkni1Ek4tGu5&#8243; button_text=&#8221;An\u00f3tame para vacantes &#8221; button_alignment=&#8221;center&#8221; _builder_version=&#8221;4.25.2&#8243; _module_preset=&#8221;default&#8221; custom_button=&#8221;on&#8221; button_text_color=&#8221;#FFFFFF&#8221; button_bg_color=&#8221;#FDBF2D&#8221; button_use_icon=&#8221;off&#8221; global_colors_info=&#8221;{}&#8221;][\/et_pb_button][et_pb_contact_form email=&#8221;vacantes@reinserta.org&#8221; success_message=&#8221;Mensaje Enviado&#8221; submit_button_text=&#8221;Enviar&#8221; disabled_on=&#8221;on|on|on&#8221; _builder_version=&#8221;4.25.2&#8243; _module_preset=&#8221;default&#8221; _unique_id=&#8221;53ec9978-b2ba-40fd-acff-75a29b34ae58&#8243; custom_button=&#8221;on&#8221; button_text_color=&#8221;#0A0909&#8243; disabled=&#8221;on&#8221; global_colors_info=&#8221;{}&#8221;][et_pb_contact_field field_id=&#8221;Nombre&#8221; field_title=&#8221;Nombre&#8221; _builder_version=&#8221;4.22.1&#8243; global_colors_info=&#8221;{}&#8221; button_text_size__hover_enabled=&#8221;off&#8221; button_one_text_size__hover_enabled=&#8221;off&#8221; button_two_text_size__hover_enabled=&#8221;off&#8221; button_text_color__hover_enabled=&#8221;off&#8221; button_one_text_color__hover_enabled=&#8221;off&#8221; button_two_text_color__hover_enabled=&#8221;off&#8221; button_border_width__hover_enabled=&#8221;off&#8221; button_one_border_width__hover_enabled=&#8221;off&#8221; button_two_border_width__hover_enabled=&#8221;off&#8221; button_border_color__hover_enabled=&#8221;off&#8221; button_one_border_color__hover_enabled=&#8221;off&#8221; button_two_border_color__hover_enabled=&#8221;off&#8221; button_border_radius__hover_enabled=&#8221;off&#8221; button_one_border_radius__hover_enabled=&#8221;off&#8221; button_two_border_radius__hover_enabled=&#8221;off&#8221; button_letter_spacing__hover_enabled=&#8221;off&#8221; button_one_letter_spacing__hover_enabled=&#8221;off&#8221; button_two_letter_spacing__hover_enabled=&#8221;off&#8221; button_bg_color__hover_enabled=&#8221;off&#8221; button_one_bg_color__hover_enabled=&#8221;off&#8221; button_two_bg_color__hover_enabled=&#8221;off&#8221;][\/et_pb_contact_field][et_pb_contact_field field_id=&#8221;Apellido&#8221; field_title=&#8221;Apellido&#8221; _builder_version=&#8221;4.22.1&#8243; global_colors_info=&#8221;{}&#8221; button_text_size__hover_enabled=&#8221;off&#8221; button_one_text_size__hover_enabled=&#8221;off&#8221; button_two_text_size__hover_enabled=&#8221;off&#8221; button_text_color__hover_enabled=&#8221;off&#8221; button_one_text_color__hover_enabled=&#8221;off&#8221; button_two_text_color__hover_enabled=&#8221;off&#8221; button_border_width__hover_enabled=&#8221;off&#8221; button_one_border_width__hover_enabled=&#8221;off&#8221; button_two_border_width__hover_enabled=&#8221;off&#8221; button_border_color__hover_enabled=&#8221;off&#8221; button_one_border_color__hover_enabled=&#8221;off&#8221; button_two_border_color__hover_enabled=&#8221;off&#8221; button_border_radius__hover_enabled=&#8221;off&#8221; button_one_border_radius__hover_enabled=&#8221;off&#8221; button_two_border_radius__hover_enabled=&#8221;off&#8221; button_letter_spacing__hover_enabled=&#8221;off&#8221; button_one_letter_spacing__hover_enabled=&#8221;off&#8221; button_two_letter_spacing__hover_enabled=&#8221;off&#8221; button_bg_color__hover_enabled=&#8221;off&#8221; button_one_bg_color__hover_enabled=&#8221;off&#8221; button_two_bg_color__hover_enabled=&#8221;off&#8221;][\/et_pb_contact_field][et_pb_contact_field field_id=&#8221;Direcci\u00f3n&#8221; field_title=&#8221;Direcci\u00f3n&#8221; _builder_version=&#8221;4.22.1&#8243; _module_preset=&#8221;default&#8221; global_colors_info=&#8221;{}&#8221;][\/et_pb_contact_field][et_pb_contact_field field_id=&#8221;Email&#8221; field_title=&#8221;Email&#8221; field_type=&#8221;email&#8221; _builder_version=&#8221;4.22.1&#8243; global_colors_info=&#8221;{}&#8221; button_text_size__hover_enabled=&#8221;off&#8221; button_one_text_size__hover_enabled=&#8221;off&#8221; button_two_text_size__hover_enabled=&#8221;off&#8221; button_text_color__hover_enabled=&#8221;off&#8221; button_one_text_color__hover_enabled=&#8221;off&#8221; button_two_text_color__hover_enabled=&#8221;off&#8221; button_border_width__hover_enabled=&#8221;off&#8221; button_one_border_width__hover_enabled=&#8221;off&#8221; button_two_border_width__hover_enabled=&#8221;off&#8221; button_border_color__hover_enabled=&#8221;off&#8221; button_one_border_color__hover_enabled=&#8221;off&#8221; button_two_border_color__hover_enabled=&#8221;off&#8221; button_border_radius__hover_enabled=&#8221;off&#8221; button_one_border_radius__hover_enabled=&#8221;off&#8221; button_two_border_radius__hover_enabled=&#8221;off&#8221; button_letter_spacing__hover_enabled=&#8221;off&#8221; button_one_letter_spacing__hover_enabled=&#8221;off&#8221; button_two_letter_spacing__hover_enabled=&#8221;off&#8221; button_bg_color__hover_enabled=&#8221;off&#8221; button_one_bg_color__hover_enabled=&#8221;off&#8221; button_two_bg_color__hover_enabled=&#8221;off&#8221;][\/et_pb_contact_field][et_pb_contact_field field_id=&#8221;Celular&#8221; field_title=&#8221;Celular &#8221; _builder_version=&#8221;4.22.1&#8243; _module_preset=&#8221;default&#8221; global_colors_info=&#8221;{}&#8221;][\/et_pb_contact_field][et_pb_contact_field field_id=&#8221;Escolaridad&#8221; field_title=&#8221;Escolaridad&#8221; _builder_version=&#8221;4.22.1&#8243; _module_preset=&#8221;default&#8221; global_colors_info=&#8221;{}&#8221;][\/et_pb_contact_field][et_pb_contact_field field_id=&#8221;Cargo&#8221; field_title=&#8221;\u00c1rea de inter\u00e9s&#8221; field_type=&#8221;select&#8221; select_options=&#8221;%91{%22value%22:%22Administraci\u00f3n%22,%22checked%22:0,%22dragID%22:-1},{%22value%22:%22Comunicaci\u00f3n%22,%22checked%22:0,%22dragID%22:0},{%22value%22:%22Monitoreo y Evaluaci\u00f3n%22,%22checked%22:0,%22dragID%22:1},{%22value%22:%22Investigaci\u00f3n%22,%22checked%22:0,%22dragID%22:2},{%22value%22:%22Pol\u00edticas P\u00fablicas%22,%22checked%22:0,%22dragID%22:3},{%22value%22:%22Operaci\u00f3n%22,%22checked%22:0,%22dragID%22:4}%93&#8243; _builder_version=&#8221;4.22.1&#8243; _module_preset=&#8221;default&#8221; global_colors_info=&#8221;{}&#8221;][\/et_pb_contact_field][et_pb_contact_field field_id=&#8221;Link_CV&#8221; field_title=&#8221;Link CV&#8221; _builder_version=&#8221;4.22.1&#8243; _module_preset=&#8221;default&#8221; global_colors_info=&#8221;{}&#8221;][\/et_pb_contact_field][\/et_pb_contact_form][\/et_pb_column][\/et_pb_row][\/et_pb_section]<\/p>\n","protected":false},"excerpt":{"rendered":"<p>\u00danete al equipo Reinserta Reinserta trabaja en CDMX y Monterrey\u00a0<\/p>","protected":false},"author":2,"featured_media":0,"parent":0,"menu_order":0,"comment_status":"closed","ping_status":"closed","template":"","meta":{"_et_pb_use_builder":"on","_et_pb_old_content":"","_et_gb_content_width":"","_joinchat":[],"footnotes":""},"folder":[],"class_list":["post-485","page","type-page","status-publish","hentry"],"yoast_head":"<!-- This site is optimized with the Yoast SEO plugin v23.4 - https:\/\/yoast.com\/wordpress\/plugins\/seo\/ -->\n<title>\u00danete al equipo - Reinserta<\/title>\n<meta name=\"robots\" content=\"index, follow, max-snippet:-1, max-image-preview:large, max-video-preview:-1\" \/>\n<link rel=\"canonical\" href=\"https:\/\/reinserta.org\/en\/unete-al-equipo\/\" \/>\n<meta property=\"og:locale\" content=\"en_US\" \/>\n<meta property=\"og:type\" content=\"article\" \/>\n<meta property=\"og:title\" content=\"\u00danete al equipo - Reinserta\" \/>\n<meta property=\"og:description\" content=\"\u00danete al equipo Reinserta Reinserta trabaja en CDMX y Monterrey\u00a0\" \/>\n<meta property=\"og:url\" content=\"https:\/\/reinserta.org\/en\/unete-al-equipo\/\" \/>\n<meta property=\"og:site_name\" content=\"Reinserta\" \/>\n<meta property=\"article:publisher\" content=\"https:\/\/www.facebook.com\/REINSERTA\/\" \/>\n<meta property=\"article:modified_time\" content=\"2025-05-27T18:54:58+00:00\" \/>\n<meta property=\"og:image\" content=\"https:\/\/reinserta.org\/wp-content\/uploads\/2024\/10\/cropped-reinserta-logo-negro-3.png\" \/>\n\t<meta property=\"og:image:width\" content=\"512\" \/>\n\t<meta property=\"og:image:height\" content=\"512\" \/>\n\t<meta property=\"og:image:type\" content=\"image\/png\" \/>\n<meta name=\"twitter:card\" content=\"summary_large_image\" \/>\n<meta name=\"twitter:site\" content=\"@reinserta\" \/>\n<meta name=\"twitter:label1\" content=\"Est. reading time\" \/>\n\t<meta name=\"twitter:data1\" content=\"6 minutes\" \/>\n<script type=\"application\/ld+json\" class=\"yoast-schema-graph\">{\"@context\":\"https:\/\/schema.org\",\"@graph\":[{\"@type\":\"WebPage\",\"@id\":\"https:\/\/reinserta.org\/unete-al-equipo\/\",\"url\":\"https:\/\/reinserta.org\/unete-al-equipo\/\",\"name\":\"\u00danete al equipo - Reinserta\",\"isPartOf\":{\"@id\":\"https:\/\/reinserta.org\/#website\"},\"datePublished\":\"2023-09-20T15:47:34+00:00\",\"dateModified\":\"2025-05-27T18:54:58+00:00\",\"breadcrumb\":{\"@id\":\"https:\/\/reinserta.org\/unete-al-equipo\/#breadcrumb\"},\"inLanguage\":\"en-US\",\"potentialAction\":[{\"@type\":\"ReadAction\",\"target\":[\"https:\/\/reinserta.org\/unete-al-equipo\/\"]}]},{\"@type\":\"BreadcrumbList\",\"@id\":\"https:\/\/reinserta.org\/unete-al-equipo\/#breadcrumb\",\"itemListElement\":[{\"@type\":\"ListItem\",\"position\":1,\"name\":\"Inicio\",\"item\":\"https:\/\/reinserta.org\/\"},{\"@type\":\"ListItem\",\"position\":2,\"name\":\"\u00danete al equipo\"}]},{\"@type\":\"WebSite\",\"@id\":\"https:\/\/reinserta.org\/#website\",\"url\":\"https:\/\/reinserta.org\/\",\"name\":\"Reinserta\",\"description\":\"Transformamos vidas marcadas por la violencia\",\"publisher\":{\"@id\":\"https:\/\/reinserta.org\/#organization\"},\"potentialAction\":[{\"@type\":\"SearchAction\",\"target\":{\"@type\":\"EntryPoint\",\"urlTemplate\":\"https:\/\/reinserta.org\/?s={search_term_string}\"},\"query-input\":{\"@type\":\"PropertyValueSpecification\",\"valueRequired\":true,\"valueName\":\"search_term_string\"}}],\"inLanguage\":\"en-US\"},{\"@type\":\"Organization\",\"@id\":\"https:\/\/reinserta.org\/#organization\",\"name\":\"Reinserta\",\"url\":\"https:\/\/reinserta.org\/\",\"logo\":{\"@type\":\"ImageObject\",\"inLanguage\":\"en-US\",\"@id\":\"https:\/\/reinserta.org\/#\/schema\/logo\/image\/\",\"url\":\"https:\/\/reinserta.org\/wp-content\/uploads\/2024\/05\/reinserta-logo-negro.png\",\"contentUrl\":\"https:\/\/reinserta.org\/wp-content\/uploads\/2024\/05\/reinserta-logo-negro.png\",\"width\":500,\"height\":500,\"caption\":\"Reinserta\"},\"image\":{\"@id\":\"https:\/\/reinserta.org\/#\/schema\/logo\/image\/\"},\"sameAs\":[\"https:\/\/www.facebook.com\/REINSERTA\/\",\"https:\/\/x.com\/reinserta\",\"https:\/\/www.instagram.com\/reinserta\/\",\"https:\/\/mx.linkedin.com\/company\/reinserta\"]}]}<\/script>\n<!-- \/ Yoast SEO plugin. -->","yoast_head_json":{"title":"\u00danete al equipo - Reinserta","robots":{"index":"index","follow":"follow","max-snippet":"max-snippet:-1","max-image-preview":"max-image-preview:large","max-video-preview":"max-video-preview:-1"},"canonical":"https:\/\/reinserta.org\/en\/unete-al-equipo\/","og_locale":"en_US","og_type":"article","og_title":"\u00danete al equipo - Reinserta","og_description":"\u00danete al equipo Reinserta Reinserta trabaja en CDMX y Monterrey\u00a0","og_url":"https:\/\/reinserta.org\/en\/unete-al-equipo\/","og_site_name":"Reinserta","article_publisher":"https:\/\/www.facebook.com\/REINSERTA\/","article_modified_time":"2025-05-27T18:54:58+00:00","og_image":[{"width":512,"height":512,"url":"https:\/\/reinserta.org\/wp-content\/uploads\/2024\/10\/cropped-reinserta-logo-negro-3.png","type":"image\/png"}],"twitter_card":"summary_large_image","twitter_site":"@reinserta","twitter_misc":{"Est. reading time":"6 minutes"},"schema":{"@context":"https:\/\/schema.org","@graph":[{"@type":"WebPage","@id":"https:\/\/reinserta.org\/unete-al-equipo\/","url":"https:\/\/reinserta.org\/unete-al-equipo\/","name":"\u00danete al equipo - Reinserta","isPartOf":{"@id":"https:\/\/reinserta.org\/#website"},"datePublished":"2023-09-20T15:47:34+00:00","dateModified":"2025-05-27T18:54:58+00:00","breadcrumb":{"@id":"https:\/\/reinserta.org\/unete-al-equipo\/#breadcrumb"},"inLanguage":"en-US","potentialAction":[{"@type":"ReadAction","target":["https:\/\/reinserta.org\/unete-al-equipo\/"]}]},{"@type":"BreadcrumbList","@id":"https:\/\/reinserta.org\/unete-al-equipo\/#breadcrumb","itemListElement":[{"@type":"ListItem","position":1,"name":"Inicio","item":"https:\/\/reinserta.org\/"},{"@type":"ListItem","position":2,"name":"\u00danete al equipo"}]},{"@type":"WebSite","@id":"https:\/\/reinserta.org\/#website","url":"https:\/\/reinserta.org\/","name":"Reinserta","description":"Transformamos vidas marcadas por la violencia","publisher":{"@id":"https:\/\/reinserta.org\/#organization"},"potentialAction":[{"@type":"SearchAction","target":{"@type":"EntryPoint","urlTemplate":"https:\/\/reinserta.org\/?s={search_term_string}"},"query-input":{"@type":"PropertyValueSpecification","valueRequired":true,"valueName":"search_term_string"}}],"inLanguage":"en-US"},{"@type":"Organization","@id":"https:\/\/reinserta.org\/#organization","name":"Reinserta","url":"https:\/\/reinserta.org\/","logo":{"@type":"ImageObject","inLanguage":"en-US","@id":"https:\/\/reinserta.org\/#\/schema\/logo\/image\/","url":"https:\/\/reinserta.org\/wp-content\/uploads\/2024\/05\/reinserta-logo-negro.png","contentUrl":"https:\/\/reinserta.org\/wp-content\/uploads\/2024\/05\/reinserta-logo-negro.png","width":500,"height":500,"caption":"Reinserta"},"image":{"@id":"https:\/\/reinserta.org\/#\/schema\/logo\/image\/"},"sameAs":["https:\/\/www.facebook.com\/REINSERTA\/","https:\/\/x.com\/reinserta","https:\/\/www.instagram.com\/reinserta\/","https:\/\/mx.linkedin.com\/company\/reinserta"]}]}},"_links":{"self":[{"href":"https:\/\/reinserta.org\/en\/wp-json\/wp\/v2\/pages\/485"}],"collection":[{"href":"https:\/\/reinserta.org\/en\/wp-json\/wp\/v2\/pages"}],"about":[{"href":"https:\/\/reinserta.org\/en\/wp-json\/wp\/v2\/types\/page"}],"author":[{"embeddable":true,"href":"https:\/\/reinserta.org\/en\/wp-json\/wp\/v2\/users\/2"}],"replies":[{"embeddable":true,"href":"https:\/\/reinserta.org\/en\/wp-json\/wp\/v2\/comments?post=485"}],"version-history":[{"count":12,"href":"https:\/\/reinserta.org\/en\/wp-json\/wp\/v2\/pages\/485\/revisions"}],"predecessor-version":[{"id":1087,"href":"https:\/\/reinserta.org\/en\/wp-json\/wp\/v2\/pages\/485\/revisions\/1087"}],"wp:attachment":[{"href":"https:\/\/reinserta.org\/en\/wp-json\/wp\/v2\/media?parent=485"}],"wp:term":[{"taxonomy":"folder","embeddable":true,"href":"https:\/\/reinserta.org\/en\/wp-json\/wp\/v2\/folder?post=485"}],"curies":[{"name":"wp","href":"https:\/\/api.w.org\/{rel}","templated":true}]}}